{"id":178,"date":"2024-06-28T07:45:59","date_gmt":"2024-06-28T07:45:59","guid":{"rendered":"https:\/\/www.amema-hdf.fr\/?page_id=178"},"modified":"2024-09-24T04:24:11","modified_gmt":"2024-09-24T04:24:11","slug":"bienvenue","status":"publish","type":"page","link":"https:\/\/www.amema-hdf.fr\/bienvenue\/","title":{"rendered":"Bienvenue"},"content":{"rendered":"\t\t<div data-elementor-type=\"wp-page\" data-elementor-id=\"178\" class=\"elementor elementor-178\">\n\t\t\t\t\t\t<section class=\"elementor-section elementor-top-section elementor-element elementor-element-4817ece elementor-section-boxed elementor-section-height-default elementor-section-height-default\" data-id=\"4817ece\" data-element_type=\"section\" data-e-type=\"section\" data-settings=\"{&quot;background_background&quot;:&quot;classic&quot;}\">\n\t\t\t\t\t\t<div class=\"elementor-container elementor-column-gap-default\">\n\t\t\t\t\t<div class=\"elementor-column elementor-col-100 elementor-top-column elementor-element elementor-element-2f09b9d\" data-id=\"2f09b9d\" data-element_type=\"column\" data-e-type=\"column\" data-settings=\"{&quot;background_background&quot;:&quot;classic&quot;}\">\n\t\t\t<div class=\"elementor-widget-wrap elementor-element-populated\">\n\t\t\t\t\t\t<div class=\"elementor-element elementor-element-9148af7 animated-slow elementor-invisible elementor-widget elementor-widget-image\" data-id=\"9148af7\" data-element_type=\"widget\" data-e-type=\"widget\" data-settings=\"{&quot;_animation&quot;:&quot;fadeIn&quot;,&quot;_animation_delay&quot;:2500}\" data-widget_type=\"image.default\">\n\t\t\t\t<div class=\"elementor-widget-container\">\n\t\t\t\t\t\t\t\t\t\t\t\t\t\t\t<img fetchpriority=\"high\" decoding=\"async\" width=\"500\" height=\"500\" src=\"https:\/\/www.amema-hdf.fr\/wp-content\/uploads\/2024\/06\/LOGO_ABEMA_RVB_BLANC__S_TRANSPARENT.png\" class=\"attachment-full size-full wp-image-219\" alt=\"\" srcset=\"https:\/\/www.amema-hdf.fr\/wp-content\/uploads\/2024\/06\/LOGO_ABEMA_RVB_BLANC__S_TRANSPARENT.png 500w, https:\/\/www.amema-hdf.fr\/wp-content\/uploads\/2024\/06\/LOGO_ABEMA_RVB_BLANC__S_TRANSPARENT-300x300.png 300w, https:\/\/www.amema-hdf.fr\/wp-content\/uploads\/2024\/06\/LOGO_ABEMA_RVB_BLANC__S_TRANSPARENT-150x150.png 150w\" sizes=\"(max-width: 500px) 100vw, 500px\" \/>\t\t\t\t\t\t\t\t\t\t\t\t\t\t\t<\/div>\n\t\t\t\t<\/div>\n\t\t\t\t\t<\/div>\n\t\t<\/div>\n\t\t\t\t\t<\/div>\n\t\t<\/section>\n\t\t\t\t<section class=\"elementor-section elementor-top-section elementor-element elementor-element-e77b6d2 elementor-section-boxed elementor-section-height-default elementor-section-height-default\" data-id=\"e77b6d2\" data-element_type=\"section\" data-e-type=\"section\">\n\t\t\t\t\t\t<div class=\"elementor-container elementor-column-gap-default\">\n\t\t\t\t\t<div class=\"elementor-column elementor-col-100 elementor-top-column elementor-element elementor-element-00fd18f\" data-id=\"00fd18f\" data-element_type=\"column\" data-e-type=\"column\">\n\t\t\t<div class=\"elementor-widget-wrap elementor-element-populated\">\n\t\t\t\t\t\t<div class=\"elementor-element elementor-element-3c0edc6 elementor-widget elementor-widget-spacer\" data-id=\"3c0edc6\" data-element_type=\"widget\" data-e-type=\"widget\" data-widget_type=\"spacer.default\">\n\t\t\t\t<div class=\"elementor-widget-container\">\n\t\t\t\t\t\t\t<div class=\"elementor-spacer\">\n\t\t\t<div class=\"elementor-spacer-inner\"><\/div>\n\t\t<\/div>\n\t\t\t\t\t\t<\/div>\n\t\t\t\t<\/div>\n\t\t\t\t\t<\/div>\n\t\t<\/div>\n\t\t\t\t\t<\/div>\n\t\t<\/section>\n\t\t\t\t<section class=\"elementor-section elementor-top-section elementor-element elementor-element-22131bf elementor-section-boxed elementor-section-height-default elementor-section-height-default\" data-id=\"22131bf\" data-element_type=\"section\" data-e-type=\"section\">\n\t\t\t\t\t\t<div class=\"elementor-container elementor-column-gap-default\">\n\t\t\t\t\t<div class=\"elementor-column elementor-col-100 elementor-top-column elementor-element elementor-element-8e5ee4a\" data-id=\"8e5ee4a\" data-element_type=\"column\" data-e-type=\"column\">\n\t\t\t<div class=\"elementor-widget-wrap elementor-element-populated\">\n\t\t\t\t\t\t<div class=\"elementor-element elementor-element-f50d7b3 elementor-widget elementor-widget-heading\" data-id=\"f50d7b3\" data-element_type=\"widget\" data-e-type=\"widget\" data-widget_type=\"heading.default\">\n\t\t\t\t<div class=\"elementor-widget-container\">\n\t\t\t\t\t<h1 class=\"elementor-heading-title elementor-size-default\">AMEMA<\/h1>\t\t\t\t<\/div>\n\t\t\t\t<\/div>\n\t\t\t\t\t<\/div>\n\t\t<\/div>\n\t\t\t\t\t<\/div>\n\t\t<\/section>\n\t\t\t\t<section class=\"elementor-section elementor-top-section elementor-element elementor-element-e4c5ef2 elementor-section-boxed elementor-section-height-default elementor-section-height-default\" data-id=\"e4c5ef2\" data-element_type=\"section\" data-e-type=\"section\">\n\t\t\t\t\t\t<div class=\"elementor-container elementor-column-gap-default\">\n\t\t\t\t\t<div class=\"elementor-column elementor-col-50 elementor-top-column elementor-element elementor-element-266639b\" data-id=\"266639b\" data-element_type=\"column\" data-e-type=\"column\">\n\t\t\t<div class=\"elementor-widget-wrap elementor-element-populated\">\n\t\t\t\t\t\t<div class=\"elementor-element elementor-element-dabc75c elementor-widget elementor-widget-text-editor\" data-id=\"dabc75c\" data-element_type=\"widget\" data-e-type=\"widget\" data-widget_type=\"text-editor.default\">\n\t\t\t\t<div class=\"elementor-widget-container\">\n\t\t\t\t\t\t\t\t\t<p><b>ASSOCIATION MIEUX ETRE PAR LA MEDIATION ANIMALIERE<\/b><\/p>\t\t\t\t\t\t\t\t<\/div>\n\t\t\t\t<\/div>\n\t\t\t\t<div class=\"elementor-element elementor-element-3bd930e elementor-widget elementor-widget-text-editor\" data-id=\"3bd930e\" data-element_type=\"widget\" data-e-type=\"widget\" data-widget_type=\"text-editor.default\">\n\t\t\t\t<div class=\"elementor-widget-container\">\n\t\t\t\t\t\t\t\t\t<ul><li>Ateliers p\u00e9dagogiques, th\u00e9rapeutiques, d\u2019animations assist\u00e9s et facilit\u00e9s par l\u2019animal.<\/li><li>\u00c9ducation et comportementalisme canin m\u00e9thode positive.<\/li><li>Pension animali\u00e8re.<\/li><\/ul>\t\t\t\t\t\t\t\t<\/div>\n\t\t\t\t<\/div>\n\t\t\t\t\t<\/div>\n\t\t<\/div>\n\t\t\t\t<div class=\"elementor-column elementor-col-50 elementor-top-column elementor-element elementor-element-0955403\" data-id=\"0955403\" data-element_type=\"column\" data-e-type=\"column\">\n\t\t\t<div class=\"elementor-widget-wrap elementor-element-populated\">\n\t\t\t\t\t\t<div class=\"elementor-element elementor-element-a9625ca animated-slow elementor-invisible elementor-widget elementor-widget-image\" data-id=\"a9625ca\" data-element_type=\"widget\" data-e-type=\"widget\" data-settings=\"{&quot;_animation&quot;:&quot;slideInRight&quot;,&quot;_animation_delay&quot;:100}\" data-widget_type=\"image.default\">\n\t\t\t\t<div class=\"elementor-widget-container\">\n\t\t\t\t\t\t\t\t\t\t\t\t\t\t\t\t<a href=\"https:\/\/www.amema-hdf.fr\/bienvenue\/prestations\/#MEDIANIM\">\n\t\t\t\t\t\t\t<img decoding=\"async\" width=\"300\" height=\"77\" src=\"https:\/\/www.amema-hdf.fr\/wp-content\/uploads\/2024\/09\/backgroundmedtitle2.png\" class=\"elementor-animation-grow attachment-full size-full wp-image-767\" alt=\"\" \/>\t\t\t\t\t\t\t\t<\/a>\n\t\t\t\t\t\t\t\t\t\t\t\t\t\t\t<\/div>\n\t\t\t\t<\/div>\n\t\t\t\t<div class=\"elementor-element elementor-element-3d9472a animated-slow elementor-invisible elementor-widget elementor-widget-image\" data-id=\"3d9472a\" data-element_type=\"widget\" data-e-type=\"widget\" data-settings=\"{&quot;_animation&quot;:&quot;slideInRight&quot;,&quot;_animation_delay&quot;:200}\" data-widget_type=\"image.default\">\n\t\t\t\t<div class=\"elementor-widget-container\">\n\t\t\t\t\t\t\t\t\t\t\t\t\t\t\t\t<a href=\"https:\/\/www.amema-hdf.fr\/bienvenue\/prestations\/#ECCC\">\n\t\t\t\t\t\t\t<img decoding=\"async\" width=\"300\" height=\"77\" src=\"https:\/\/www.amema-hdf.fr\/wp-content\/uploads\/2024\/09\/backgroundedutitle2.png\" class=\"elementor-animation-grow attachment-full size-full wp-image-766\" alt=\"\" \/>\t\t\t\t\t\t\t\t<\/a>\n\t\t\t\t\t\t\t\t\t\t\t\t\t\t\t<\/div>\n\t\t\t\t<\/div>\n\t\t\t\t<div class=\"elementor-element elementor-element-914da28 animated-slow elementor-invisible elementor-widget elementor-widget-image\" data-id=\"914da28\" data-element_type=\"widget\" data-e-type=\"widget\" data-settings=\"{&quot;_animation&quot;:&quot;slideInRight&quot;,&quot;_animation_delay&quot;:300}\" data-widget_type=\"image.default\">\n\t\t\t\t<div class=\"elementor-widget-container\">\n\t\t\t\t\t\t\t\t\t\t\t\t\t\t\t\t<a href=\"https:\/\/www.amema-hdf.fr\/bienvenue\/prestations\/#BITEPECCRAM\">\n\t\t\t\t\t\t\t<img loading=\"lazy\" decoding=\"async\" width=\"300\" height=\"77\" src=\"https:\/\/www.amema-hdf.fr\/wp-content\/uploads\/2024\/09\/backgroundpectitle2.png\" class=\"elementor-animation-grow attachment-full size-full wp-image-768\" alt=\"\" \/>\t\t\t\t\t\t\t\t<\/a>\n\t\t\t\t\t\t\t\t\t\t\t\t\t\t\t<\/div>\n\t\t\t\t<\/div>\n\t\t\t\t<div class=\"elementor-element elementor-element-b4a3349 animated-slow elementor-invisible elementor-widget elementor-widget-image\" data-id=\"b4a3349\" data-element_type=\"widget\" data-e-type=\"widget\" data-settings=\"{&quot;_animation&quot;:&quot;slideInRight&quot;,&quot;_animation_delay&quot;:400}\" data-widget_type=\"image.default\">\n\t\t\t\t<div class=\"elementor-widget-container\">\n\t\t\t\t\t\t\t\t\t\t\t\t\t\t\t\t<a href=\"https:\/\/www.amema-hdf.fr\/bienvenue\/prestations\/#HOTEL\">\n\t\t\t\t\t\t\t<img loading=\"lazy\" decoding=\"async\" width=\"300\" height=\"77\" src=\"https:\/\/www.amema-hdf.fr\/wp-content\/uploads\/2024\/09\/backgroundpentitle2.png\" class=\"elementor-animation-grow attachment-full size-full wp-image-769\" alt=\"\" \/>\t\t\t\t\t\t\t\t<\/a>\n\t\t\t\t\t\t\t\t\t\t\t\t\t\t\t<\/div>\n\t\t\t\t<\/div>\n\t\t\t\t\t<\/div>\n\t\t<\/div>\n\t\t\t\t\t<\/div>\n\t\t<\/section>\n\t\t\t\t<section class=\"elementor-section elementor-top-section elementor-element elementor-element-cd70153 elementor-section-boxed elementor-section-height-default elementor-section-height-default\" data-id=\"cd70153\" data-element_type=\"section\" data-e-type=\"section\">\n\t\t\t\t\t\t<div class=\"elementor-container elementor-column-gap-default\">\n\t\t\t\t\t<div class=\"elementor-column elementor-col-100 elementor-top-column elementor-element elementor-element-f94523b\" data-id=\"f94523b\" data-element_type=\"column\" data-e-type=\"column\">\n\t\t\t<div class=\"elementor-widget-wrap elementor-element-populated\">\n\t\t\t\t\t\t<div class=\"elementor-element elementor-element-df6b751 elementor-widget elementor-widget-spacer\" data-id=\"df6b751\" data-element_type=\"widget\" data-e-type=\"widget\" data-widget_type=\"spacer.default\">\n\t\t\t\t<div class=\"elementor-widget-container\">\n\t\t\t\t\t\t\t<div class=\"elementor-spacer\">\n\t\t\t<div class=\"elementor-spacer-inner\"><\/div>\n\t\t<\/div>\n\t\t\t\t\t\t<\/div>\n\t\t\t\t<\/div>\n\t\t\t\t\t<\/div>\n\t\t<\/div>\n\t\t\t\t\t<\/div>\n\t\t<\/section>\n\t\t\t\t<section class=\"elementor-section elementor-top-section elementor-element elementor-element-7dabf4b elementor-section-boxed elementor-section-height-default elementor-section-height-default\" data-id=\"7dabf4b\" data-element_type=\"section\" data-e-type=\"section\">\n\t\t\t\t\t\t<div class=\"elementor-container elementor-column-gap-default\">\n\t\t\t\t\t<div class=\"elementor-column elementor-col-33 elementor-top-column elementor-element elementor-element-3186978\" data-id=\"3186978\" data-element_type=\"column\" data-e-type=\"column\">\n\t\t\t<div class=\"elementor-widget-wrap elementor-element-populated\">\n\t\t\t\t\t\t<div class=\"elementor-element elementor-element-887c0cc elementor-widget elementor-widget-image\" data-id=\"887c0cc\" data-element_type=\"widget\" data-e-type=\"widget\" data-widget_type=\"image.default\">\n\t\t\t\t<div class=\"elementor-widget-container\">\n\t\t\t\t\t\t\t\t\t\t\t\t\t\t\t<img loading=\"lazy\" decoding=\"async\" width=\"674\" height=\"317\" src=\"https:\/\/www.amema-hdf.fr\/wp-content\/uploads\/2024\/07\/backgroundFichier-11x.png\" class=\"attachment-large size-large wp-image-282\" alt=\"\" srcset=\"https:\/\/www.amema-hdf.fr\/wp-content\/uploads\/2024\/07\/backgroundFichier-11x.png 674w, https:\/\/www.amema-hdf.fr\/wp-content\/uploads\/2024\/07\/backgroundFichier-11x-300x141.png 300w\" sizes=\"(max-width: 674px) 100vw, 674px\" \/>\t\t\t\t\t\t\t\t\t\t\t\t\t\t\t<\/div>\n\t\t\t\t<\/div>\n\t\t\t\t\t<\/div>\n\t\t<\/div>\n\t\t\t\t<div class=\"elementor-column elementor-col-66 elementor-top-column elementor-element elementor-element-16eb46e\" data-id=\"16eb46e\" data-element_type=\"column\" data-e-type=\"column\">\n\t\t\t<div class=\"elementor-widget-wrap\">\n\t\t\t\t\t\t\t<\/div>\n\t\t<\/div>\n\t\t\t\t\t<\/div>\n\t\t<\/section>\n\t\t\t\t<\/div>\n\t\t","protected":false},"excerpt":{"rendered":"<p>AMEMA ASSOCIATION MIEUX ETRE PAR LA MEDIATION ANIMALIERE Ateliers p\u00e9dagogiques, th\u00e9rapeutiques, d\u2019animations assist\u00e9s et facilit\u00e9s par l\u2019animal. \u00c9ducation et comportementalisme canin m\u00e9thode positive. Pension animali\u00e8re.<\/p>\n","protected":false},"author":1,"featured_media":0,"parent":0,"menu_order":0,"comment_status":"closed","ping_status":"closed","template":"elementor_header_footer","meta":{"inline_featured_image":false,"footnotes":""},"class_list":["post-178","page","type-page","status-publish","hentry","entry"],"_links":{"self":[{"href":"https:\/\/www.amema-hdf.fr\/bienvenue\/wp-json\/wp\/v2\/pages\/178"}],"collection":[{"href":"https:\/\/www.amema-hdf.fr\/bienvenue\/wp-json\/wp\/v2\/pages"}],"about":[{"href":"https:\/\/www.amema-hdf.fr\/bienvenue\/wp-json\/wp\/v2\/types\/page"}],"author":[{"embeddable":true,"href":"https:\/\/www.amema-hdf.fr\/bienvenue\/wp-json\/wp\/v2\/users\/1"}],"replies":[{"embeddable":true,"href":"https:\/\/www.amema-hdf.fr\/bienvenue\/wp-json\/wp\/v2\/comments?post=178"}],"version-history":[{"count":130,"href":"https:\/\/www.amema-hdf.fr\/bienvenue\/wp-json\/wp\/v2\/pages\/178\/revisions"}],"predecessor-version":[{"id":821,"href":"https:\/\/www.amema-hdf.fr\/bienvenue\/wp-json\/wp\/v2\/pages\/178\/revisions\/821"}],"wp:attachment":[{"href":"https:\/\/www.amema-hdf.fr\/bienvenue\/wp-json\/wp\/v2\/media?parent=178"}],"curies":[{"name":"wp","href":"https:\/\/api.w.org\/{rel}","templated":true}]}}